{"id":1817,"date":"2022-01-09T14:32:14","date_gmt":"2022-01-09T11:32:14","guid":{"rendered":"https:\/\/kliimapluss.ee\/?page_id=1817"},"modified":"2023-04-23T13:33:16","modified_gmt":"2023-04-23T10:33:16","slug":"privaatsuspoliitika","status":"publish","type":"page","link":"https:\/\/kliimapluss.ee\/ru\/privaatsuspoliitika\/","title":{"rendered":"\u0423\u0441\u043b\u043e\u0432\u0438\u044f \u043f\u0440\u0438\u0432\u0430\u0442\u043d\u043e\u0441\u0442\u0438"},"content":{"rendered":"<h2>\u0423\u0441\u043b\u043e\u0432\u0438\u044f \u043f\u0440\u0438\u0432\u0430\u0442\u043d\u043e\u0441\u0442\u0438 \u0434\u0430\u043d\u043d\u044b\u0445 \/ Privaatsustingimused<\/h2>\n<p>K\u00e4esolevad isikuandmete t\u00f6\u00f6tlemise tingimused (edaspidi \u201e<strong>Tingimused<\/strong>\u201c) s\u00e4testavad Romadini O\u00dc(registrikood 16029299, aadress Harju maakond, Tallinn, Mustam\u00e4e tee 24, 10621 veebileht\u00a0www.kliimaabc.ee ; edaspidi \u201e<strong>meie<\/strong>\u201c) kui andmesubjekti (\u201e<strong>teie<\/strong>\u201c) isikuandmete vastutava t\u00f6\u00f6tleja isikuandmete t\u00f6\u00f6tlemise p\u00f5him\u00f5tted.<br \/>Kui tegutseme volitatud t\u00f6\u00f6tlejana, tegutseme vastavalt enda ja vastutavate t\u00f6\u00f6tlejate vahel s\u00f5lmitud andmet\u00f6\u00f6tluslepingutele ja samuti vastavalt kohalduvatele \u00f5igusaktidele. Lisaks sellele, et tagame vastutava t\u00f6\u00f6tlejana isikuandmete t\u00f6\u00f6tlemise vastavalt asjakohastele \u00f5igusaktidele, hoiame konfidentsiaalsena (arvestades v\u00f5imalikke kohalduvaid erandeid) ja turvaliselt k\u00f5iki muid andmeid, mis meile teatavaks tehakse ning milliste suhtes konfidentsiaalsuskohustus kehtib.<br \/>Enne veebilehe kasutamist ja meiega lepingu s\u00f5lmimist lugege Tingimused hoolikalt l\u00e4bi. Kui te ei n\u00f5ustu Tingimustega, palume teil veebilehe kasutamine l\u00f5petada v\u00f5i meiega lepingulisse suhtesse mitte astuda.<br \/>Meil on \u00f5igus Tingimusi aeg-ajalt uuendada, teavitades teid sellest meie veebilehel ja \/ v\u00f5i e-posti teel.<\/p>\n<p><strong>1. ISIKUANDMETE KOOSSEIS<\/strong><\/p>\n<p>Tingimustes s\u00e4testatud eesm\u00e4rkide saavutamiseks t\u00f6\u00f6tleme osa v\u00f5i k\u00f5iki j\u00e4rgnevatest isikuandmetest, seejuures t\u00e4pne t\u00f6\u00f6deldavate isikuandmete koosseis on iga juhtumi puhul erinev, kuid l\u00e4htume alati p\u00f5him\u00f5ttest, et t\u00f6\u00f6tleme isikuandmeid nii v\u00e4he, kui eesm\u00e4rgi saavutamiseks vajalik:<br \/>\u2022 ees- ja perekonnanimi;<br \/>\u2022 isikukood;<br \/>\u2022 kauba kohaletoimetamise ja seadmete paigaldamise aadress;<br \/>\u2022 e-posti aadress;<br \/>\u2022 telefoninumber;<br \/>\u2022 maksevahendite andmed;<br \/>\u2022 maksete ajalugu, v\u00f5lgnevustega seonduv info jms;<br \/>\u2022 maksev\u00f5ime hindamisega seonduvad andmed (pangakonto v\u00e4ljav\u00f5tted, krediidiraportid);<br \/>\u2022 ostuajalugu;<br \/>\u2022 kaugloetavad andmed, mis seonduvad kliendi poolt seadmete kasutamisega, tagamaks seadmete ja teenuste toimimine (nt tarbimiskulud, veakoodid, kasutaja valitud s\u00e4tted);<br \/>\u2022 otseturustuse n\u00f5usolekute ja keeldude andmed;<br \/>\u2022 muud isikuandmed, mis saavad meile teatavaks teenuse osutamise tavap\u00e4rases k\u00e4igus v\u00f5i isikutega peetud suhtluses.<br \/>Kogume ka isikustamata teavet, sh andmeid veebilehe k\u00fclastuste pikkuse, klikkide arvu ja kasutajate k\u00e4itumise kohta, kuid teeme seda \u00fcksnes anal\u00fc\u00fcsi ja veebilehe mugavamaks muutmise eesm\u00e4rgil. Kasutame ainult turvalisi teenuseid, n\u00e4iteks Google Analyticsit. Koostame ka \u00e4rilistel eesm\u00e4rkidel asjakohaseid statistilisi kokkuv\u00f5tteid, kuid selle k\u00e4igus muudetakse teie isikuandmed isikustamata andmeteks, mida hoitakse turvalises andmehoidlas.<\/p>\n<p><strong>2. ANDMET\u00d6\u00d6TLUSE EESM\u00c4RGID JA \u00d5IGUSLIK ALUS<\/strong><\/p>\n<p>T\u00f6\u00f6tleme isikuandmeid, kui see on vajalik veebilehe (sh e-poe) kasutamise v\u00f5imaldamiseks v\u00f5i meie lepinguliste kohustuste t\u00e4itmiseks teie ees. T\u00f6\u00f6tleme teie: (i) nime, isikukoodi, kontaktandmeid ja aadressi lepingute ja tellimuste ettevalmistamiseks ja haldamiseks, teenuste ja kaupade pakkumiseks ning kauba paigaldamiseks ja kohaletoimetamiseks; (ii) maksevahendite andmeid selleks, et v\u00f5imaldada teenuse ja kauba eest tasumist ja makse tagastamist; (iii) maksete ajalugu ja v\u00f5lgnevustega seonduvat infot kliendisuhte ja arveldamiste haldamiseks. Samuti t\u00f6\u00f6tleme teie isikuandmeid lepingulisi suhteid puudutavate teadete saatmiseks, sh teie kommentaaridele, k\u00fcsimustele ja taotlustele vastamiseks.<br \/>Kui helistate meile v\u00f5i saadate meile e-kirju, t\u00f6\u00f6tleme teie isikuandmeid (sh s\u00e4ilitame e-kirjasid ning vastava teavituse esitamisel salvestame k\u00f5nesid), et vastata teie p\u00e4ringutele ning parandada klienditeeninduse kvaliteeti. Sellisel juhul t\u00f6\u00f6deldakse teie isikuandmeid meie \u00f5igustatud huvi alusel sujuva klienditoe tagamiseks.<br \/>Meie \u00f5igustatud huvidest l\u00e4htudes t\u00f6\u00f6tleme maksev\u00f5ime hindamisega seonduvaid andmeid nagu teid puudutavad krediidiraportid (nt taust.ee ja accountscoring.com) ja teie poolt meiega jagatud pangakonto v\u00e4ljav\u00f5tted. Maksev\u00f5imet puudutavaid andmeid t\u00f6\u00f6tleme \u00fcksnes eesm\u00e4rgiga veenduda potentsiaalsete klientide usaldusv\u00e4\u00e4rsuses ja maksev\u00f5imelisuses.<br \/>Meie \u00f5igustatud huvi alusel t\u00f6\u00f6tleme samuti ostuajaloo andmeid (ostu kuup\u00e4ev, kaup, kogus, kliendi andmed), et koostada kaupade ja teenuste \u00fclevaateid ning anal\u00fc\u00fcsida kliendieelistusi.<br \/>Samuti v\u00f5ime teie isikuandmeid t\u00f6\u00f6delda \u00f5igusaktides s\u00e4testatud kohustuste t\u00e4itmiseks, n\u00e4iteks isikuandmete kaitse tagamiseks, isikuandmete s\u00e4ilitamiseks mis tahes ajavahemikul, mis on vajalik seadusest tulenevate kohustuste t\u00e4itmiseks (nt raamatupidamise eesm\u00e4rgil) ja muudeks kohalduvatest \u00f5igusaktidest tulenevate kohustuste t\u00e4itmiseks.<br \/>V\u00f5ime teie isikuandmeid t\u00f6\u00f6delda mis tahes meievaheliste vaidluste korral, et kaitsta meie \u00f5igustatud huve.<br \/>Teie n\u00f5usolekul t\u00f6\u00f6tleme teie isikuandmeid, et saata teile e-posti teel uudiskirju, ajaveebi v\u00e4rskendusi, reklaami, turundus- ja muud teavet. Sellistest meililistidest saate igal ajal loobuda, kl\u00f5psates e-kirja jaluses olevat vastavat nuppu.<br \/>Me k\u00fcsime alati teie eelnevat selget n\u00f5usolekut isikuandmete t\u00f6\u00f6tlemiseks, kui kasutame neid eesm\u00e4rkidel, mis ei ole Tingimustes v\u00e4lja toodud. Sellise n\u00f5usoleku saate igal ajal tagasi v\u00f5tta.<\/p>\n<p><strong>3. TURVAMEETMED<\/strong><\/p>\n<p>T\u00f6\u00f6tleme isikuandmeid \u00fcksnes \u00f5igusliku aluse olemasolul ning \u00fcksnes \u00f5igusp\u00e4rastel eesm\u00e4rkidel. Kasutame turvameetmeid ja s\u00e4ilitame isikuandmeid selliselt, et tagatud on isikuandmete turvalisus ja konfidentsiaalsus. Isikuandmetele p\u00e4\u00e4sevad ligi \u00fcksnes isikud, kelle jaoks see on vajalik seonduvalt t\u00f6\u00f6\u00fclesannete t\u00e4itmisega v\u00f5i kellele isikuandmete avaldamine on koosk\u00f5las Tingimuste v\u00f5i \u00f5igusaktidega.<br \/>Rakendame asjakohaseid f\u00fc\u00fcsilisi, organisatsioonilisi ja infotehnilisi turvameetmeid, et kaitsta isikuandmeid juhusliku v\u00f5i ebaseadusliku h\u00e4vitamise, kaotsimineku, muutmise v\u00f5i loata juurdep\u00e4\u00e4su ja avalikustamise eest.<br \/>Isikuandmeid hoitakse serverites, mis asuvad Euroopa Liidu liikmesriigi v\u00f5i Euroopa Liidu majanduspiirkonnaga liitunud riikide territooriumil. Andmeid v\u00f5idakse edastada riikidesse, mille andmekaitse taset on Euroopa Komisjon hinnanud piisavaks.<br \/>Me ei vastuta teie isikuandmete sellise v\u00e4\u00e4rkasutuse eest, mis on tingitud teie seadme pahavarast.<\/p>\n<p><strong>4. VASTUV\u00d5TJAD<\/strong><\/p>\n<p>Meil on \u00f5igus avaldada ja edastada isikuandmeid ilma teie eelneva n\u00f5usolekuta meie nimel ja asjakohaste andmet\u00f6\u00f6tluslepingute alusel tegutsevatele volitatud t\u00f6\u00f6tlejatele, sh seadmete paigaldajatele, tarnijatele ja m\u00fc\u00fcjatele, toodete ja teenuste arendajatele, krediidiregistritele, raamatupidajatele, IT-lahenduste\/arenduse ja andmemajutuse- ja anal\u00fc\u00fcsiteenuse pakkujatele, transpordi- ja j\u00e4relmaksuteenuse pakkujatele. Samuti edastame andmeid selleks, et t\u00e4ita \u00f5igusaktidest tulenevaid kohustusi. Oma \u00f5iguste kaitsmiseks on meil \u00f5igus avaldada isikuandmeid kolmandatele isikutele, sealhulgas makseh\u00e4ireregistrile jms kolmandatele isikutele v\u00f5lgnevuste sissen\u00f5udmiseks (inkassoteenus), juriidilistele n\u00f5ustajatele, audiitoritele jne.<br \/>V\u00f5ime pakkuda turundusteenuste (digiturundus, otseturustus, kampaaniad, sooduspakkumised) pakkujatele (nt Facebook) juurdep\u00e4\u00e4su isikuandmetele, mis on kogutud ja salvestatud meie turunduskampaaniate raames. Sellisel juhul saavad turundusteenuse pakkujad meie poolt volitatud isikuandmete t\u00f6\u00f6tlejateks.<br \/>T\u00e4pne loetelu meie poolt volitatud isikuandmete t\u00f6\u00f6tlejatest ja t\u00f6\u00f6tlustoimingute sisust on toodud all:<\/p>\n<p><strong>5. KUSTUTAMINE JA S\u00c4ILITAMINE<\/strong><\/p>\n<p>Me s\u00e4ilitame isikuandmeid ainult seni, kuni see on vajalik Tingimustes kirjeldatud eesm\u00e4rkide saavutamiseks, meie \u00f5iguste kaitsmiseks v\u00f5i \u00f5igusaktidest tulenevate kohustuste t\u00e4itmiseks. Piirame teie isikuandmete t\u00f6\u00f6tlemist ja t\u00f6\u00f6tleme isikuandmeid \u00fcksnes vastava vajaduse korral.<br \/>Isikuandmeid s\u00e4ilitatakse kuni 5 aastat alates kliendisuhte l\u00f5ppemisest, v\u00e4lja arvatud kliendiga s\u00f5lmitud lepingu t\u00e4itmisega (sh v\u00f5lgnevustega) seonduvad isikuandmed, mida s\u00e4ilitatakse kuni 10 aastat kliendisuhte l\u00f5ppemisest. Eeltoodud perioodide m\u00f6\u00f6dumisel kustutatakse vastavad isikuandmed, v\u00e4lja arvatud juhul, kui isikuandmete t\u00f6\u00f6tlemine on asjaoludest tulenevalt vajalik meie \u00f5igustatud huvide kaitseks, nt meievaheliste lepinguliste v\u00f5i muude vaidluste korral (sh v\u00e4ltava vaidluse t\u00f5ttu). Samuti on meil \u00f5igus eelnimetatud perioodide j\u00e4rgselt muuta isikuandmed anon\u00fc\u00fcmseks, st t\u00f6\u00f6delda isikuandmeid selliselt, et andmed ei ole enam k\u00e4sitletavad isikuandmetena.<br \/>Raamatupidamisn\u00f5uete t\u00e4itmiseks s\u00e4ilitame raamatupidamise algdokumente 7 aastat alates selle majandusaasta l\u00f5pust, mil algdokument raamatupidamises kajastati.<br \/>Hoolimata kliendisuhte l\u00f5ppemisest v\u00f5ime kliendi eelneval n\u00f5usolekul t\u00f6\u00f6delda kasutaja isikuandmeid otseturustuseks seni kuni kasutaja on n\u00f5usoleku tagasi v\u00f5tnud. Kui isik keelab otseturustuse (v\u00f5tab n\u00f5usoleku tagasi) ja t\u00f6\u00f6tlemiseks puudub muu \u00f5iguslik alus, siis s\u00e4ilitatakse vajalikus ulatuses teave keelu kohta, et tagada otseturustusteadete saatmise keelu t\u00e4itmine.<br \/>Meil on \u00f5igus isikustamata andmeid (sh isikuandmeid, millised on tagasip\u00f6\u00f6rdumatult \u00fcmber t\u00f6\u00f6deldud selliselt, et need ei ole seostatavad \u00fchegi tuvastatava f\u00fc\u00fcsilise isikuga) nii meievahelise lepingu kehtivuse ajal kui selle j\u00e4rgselt t\u00f6\u00f6delda ise ja lubada t\u00f6\u00f6tlemist koost\u00f6\u00f6partnerite poolt meie teenuste ja lahenduste arendamise ja statistilise anal\u00fc\u00fcsi eesm\u00e4rgil.<\/p>\n<p><strong>6. TEIE \u00d5IGUSED<\/strong><\/p>\n<p>V\u00f5ite igal ajal k\u00fcsida meilt teavet oma isikuandmete t\u00f6\u00f6tlemise kohta. Vastavalt kehtivatele \u00f5igusaktidele on v\u00f5i v\u00f5ib teil olla \u00f5igus:<br \/>\u2022 taotleda oma isikuandmete kustutamist;<br \/>\u2022 taotleda oma isikuandmete parandamist;<br \/>\u2022 taotleda oma isikuandmete t\u00f6\u00f6tlemise piiramist, kuid sellisel juhul ei pruugi te saada meie veebilehte v\u00f5i teenuseid t\u00e4iel m\u00e4\u00e4ral kasutada;<br \/>\u2022 vaidlustada oma isikuandmete kasutamist;<br \/>\u2022 \u00f5igus saada enda isikuandmeid struktureeritud, \u00fcldkasutatavas vormingus ja masinloetaval kujul ning edastada need andmed teisele vastutavale t\u00f6\u00f6tlejale.<br \/>Kui t\u00f6\u00f6tleme isikuandmeid n\u00f5usoleku alusel, v\u00f5ite n\u00f5usoleku igal ajal tagasi v\u00f5tta, millisel juhul l\u00f5petatakse isikuandmete t\u00f6\u00f6tlemine. See ei m\u00f5juta varasemalt tehtud t\u00f6\u00f6tlemistoiminguid.<br \/>Reageerime p\u00e4ringutele v\u00f5imalikult kiiresti, v\u00f5ttes arvesse \u00f5igusaktidest tulenevaid t\u00e4htaegasid.<br \/>Kasutame oma veebilehel k\u00fcpsiseid. K\u00fcpsised on v\u00e4iksemahulised tekstifailid, mis salvestatakse veebilehte k\u00fclastades veebilehitseja poolt k\u00fclastaja seadmesse. K\u00fcpsised j\u00e4tavad meelde teid ja teie eelistusi, et saaksime teile pakkuda asjakohast teavet, soovitusi ja parandada kasutajakogemust.<br \/>Kasutatavate k\u00fcpsiste hulgas on kohustuslikud k\u00fcpsised, mis on vajalikud veebilehe toimimise tagamiseks. Lisaks kasutame k\u00fcpsiseid veebilehe k\u00fclastatavuse anal\u00fc\u00fcsimiseks, kuid selliste k\u00fcpsiste kasutamiseks k\u00fcsime teie n\u00f5usolekut. K\u00fcpsiste kasutamist on teil v\u00f5imalik keelata oma veebilehitseja seadetes. Meie kasutatavad k\u00fcpsised ei v\u00f5imalda tuvastada isikut. Sealjuures v\u00f5ime veebilehe kasutamise andmeid jagada enda sotsiaalmeedia- ja reklaamipartnerite ning anal\u00fc\u00fctikutega, kes v\u00f5ivad andmeid kombineerida muude neile k\u00e4ttesaadavate andmetega.<\/p>\n<p><strong>8. P\u00c4RINGUD JA KAEBUSED<\/strong><\/p>\n<p>Isikuandmete t\u00f6\u00f6tlemisega seonduvate k\u00fcsimuste v\u00f5i kaebuste korral p\u00f6\u00f6rduge palun meie (O\u00dc Romadini : <a href=\"mailto:epood@cooperandhunter.ee\">epood@cooperandhunter.ee<\/a>, +372 56\u00a0062 233) v\u00f5i Andmekaitse Inspektsiooni\u00a0(\u00a0<a href=\"mailto:info@aki.ee\">info@aki.ee<\/a>; +372 627 4135) poole.<\/p>\n","protected":false},"excerpt":{"rendered":"<p>\u0423\u0441\u043b\u043e\u0432\u0438\u044f \u043f\u0440\u0438\u0432\u0430\u0442\u043d\u043e\u0441\u0442\u0438 \u0434\u0430\u043d\u043d\u044b\u0445 \/ Privaatsustingimused K\u00e4esolevad isikuandmete t\u00f6\u00f6tlemise tingimused (edaspidi \u201eTingimused\u201c) s\u00e4testavad Romadini O\u00dc(registrikood 16029299, aadress Harju maakond, Tallinn, Mustam\u00e4e tee 24, 10621 veebileht\u00a0www.kliimaabc.ee ; edaspidi \u201emeie\u201c) kui andmesubjekti (\u201eteie\u201c) isikuandmete vastutava t\u00f6\u00f6tleja isikuandmete t\u00f6\u00f6tlemise p\u00f5him\u00f5tted.Kui tegutseme volitatud t\u00f6\u00f6tlejana, tegutseme vastavalt enda ja vastutavate t\u00f6\u00f6tlejate vahel s\u00f5lmitud andmet\u00f6\u00f6tluslepingutele ja samuti vastavalt kohalduvatele \u00f5igusaktidele. Lisaks sellele, [&hellip;]<\/p>\n","protected":false},"author":3,"featured_media":0,"parent":0,"menu_order":0,"comment_status":"closed","ping_status":"closed","template":"","meta":{"_acf_changed":false,"footnotes":""},"class_list":["post-1817","page","type-page","status-publish","hentry"],"acf":[],"yoast_head":"<!-- This site is optimized with the Yoast SEO plugin v25.7 - https:\/\/yoast.com\/wordpress\/plugins\/seo\/ -->\n<title>\u0423\u0441\u043b\u043e\u0432\u0438\u044f \u043f\u0440\u0438\u0432\u0430\u0442\u043d\u043e\u0441\u0442\u0438 - Soojuspumbad Kliimaplussist<\/title>\n<meta name=\"robots\" content=\"index, follow, max-snippet:-1, max-image-preview:large, max-video-preview:-1\" \/>\n<link rel=\"canonical\" href=\"https:\/\/kliimapluss.ee\/ru\/privaatsuspoliitika\/\" \/>\n<meta property=\"og:locale\" content=\"ru_RU\" \/>\n<meta property=\"og:type\" content=\"article\" \/>\n<meta property=\"og:title\" content=\"\u0423\u0441\u043b\u043e\u0432\u0438\u044f \u043f\u0440\u0438\u0432\u0430\u0442\u043d\u043e\u0441\u0442\u0438 - Soojuspumbad Kliimaplussist\" \/>\n<meta property=\"og:description\" content=\"\u0423\u0441\u043b\u043e\u0432\u0438\u044f \u043f\u0440\u0438\u0432\u0430\u0442\u043d\u043e\u0441\u0442\u0438 \u0434\u0430\u043d\u043d\u044b\u0445 \/ Privaatsustingimused K\u00e4esolevad isikuandmete t\u00f6\u00f6tlemise tingimused (edaspidi \u201eTingimused\u201c) s\u00e4testavad Romadini O\u00dc(registrikood 16029299, aadress Harju maakond, Tallinn, Mustam\u00e4e tee 24, 10621 veebileht\u00a0www.kliimaabc.ee ; edaspidi \u201emeie\u201c) kui andmesubjekti (\u201eteie\u201c) isikuandmete vastutava t\u00f6\u00f6tleja isikuandmete t\u00f6\u00f6tlemise p\u00f5him\u00f5tted.Kui tegutseme volitatud t\u00f6\u00f6tlejana, tegutseme vastavalt enda ja vastutavate t\u00f6\u00f6tlejate vahel s\u00f5lmitud andmet\u00f6\u00f6tluslepingutele ja samuti vastavalt kohalduvatele \u00f5igusaktidele. Lisaks sellele, [&hellip;]\" \/>\n<meta property=\"og:url\" content=\"https:\/\/kliimapluss.ee\/ru\/privaatsuspoliitika\/\" \/>\n<meta property=\"og:site_name\" content=\"Soojuspumbad Kliimaplussist\" \/>\n<meta property=\"article:publisher\" content=\"https:\/\/www.facebook.com\/kliimapluss\" \/>\n<meta property=\"article:modified_time\" content=\"2023-04-23T10:33:16+00:00\" \/>\n<meta property=\"og:image\" content=\"https:\/\/kliimapluss.ee\/wp-content\/uploads\/2024\/11\/kliimapluss-600x600-1.jpg\" \/>\n\t<meta property=\"og:image:width\" content=\"600\" \/>\n\t<meta property=\"og:image:height\" content=\"600\" \/>\n\t<meta property=\"og:image:type\" content=\"image\/jpeg\" \/>\n<meta name=\"twitter:card\" content=\"summary_large_image\" \/>\n<meta name=\"twitter:label1\" content=\"\u041f\u0440\u0438\u043c\u0435\u0440\u043d\u043e\u0435 \u0432\u0440\u0435\u043c\u044f \u0434\u043b\u044f \u0447\u0442\u0435\u043d\u0438\u044f\" \/>\n\t<meta name=\"twitter:data1\" content=\"7 \u043c\u0438\u043d\u0443\u0442\" \/>\n<script type=\"application\/ld+json\" class=\"yoast-schema-graph\">{\"@context\":\"https:\/\/schema.org\",\"@graph\":[{\"@type\":\"WebPage\",\"@id\":\"https:\/\/kliimapluss.ee\/ru\/privaatsuspoliitika\/\",\"url\":\"https:\/\/kliimapluss.ee\/ru\/privaatsuspoliitika\/\",\"name\":\"\u0423\u0441\u043b\u043e\u0432\u0438\u044f \u043f\u0440\u0438\u0432\u0430\u0442\u043d\u043e\u0441\u0442\u0438 - Soojuspumbad Kliimaplussist\",\"isPartOf\":{\"@id\":\"https:\/\/kliimapluss.ee\/#website\"},\"datePublished\":\"2022-01-09T11:32:14+00:00\",\"dateModified\":\"2023-04-23T10:33:16+00:00\",\"breadcrumb\":{\"@id\":\"https:\/\/kliimapluss.ee\/ru\/privaatsuspoliitika\/#breadcrumb\"},\"inLanguage\":\"ru-RU\",\"potentialAction\":[{\"@type\":\"ReadAction\",\"target\":[\"https:\/\/kliimapluss.ee\/ru\/privaatsuspoliitika\/\"]}]},{\"@type\":\"BreadcrumbList\",\"@id\":\"https:\/\/kliimapluss.ee\/ru\/privaatsuspoliitika\/#breadcrumb\",\"itemListElement\":[{\"@type\":\"ListItem\",\"position\":1,\"name\":\"C&amp;H\",\"item\":\"https:\/\/kliimapluss.ee\/ru\/\"},{\"@type\":\"ListItem\",\"position\":2,\"name\":\"\u0423\u0441\u043b\u043e\u0432\u0438\u044f \u043f\u0440\u0438\u0432\u0430\u0442\u043d\u043e\u0441\u0442\u0438\"}]},{\"@type\":\"WebSite\",\"@id\":\"https:\/\/kliimapluss.ee\/#website\",\"url\":\"https:\/\/kliimapluss.ee\/\",\"name\":\"Soojuspumbad\",\"description\":\"Soojuspumbad ja konditsioneerid\",\"publisher\":{\"@id\":\"https:\/\/kliimapluss.ee\/#organization\"},\"alternateName\":\"Soojuspumpade e-pood\",\"potentialAction\":[{\"@type\":\"SearchAction\",\"target\":{\"@type\":\"EntryPoint\",\"urlTemplate\":\"https:\/\/kliimapluss.ee\/?s={search_term_string}\"},\"query-input\":{\"@type\":\"PropertyValueSpecification\",\"valueRequired\":true,\"valueName\":\"search_term_string\"}}],\"inLanguage\":\"ru-RU\"},{\"@type\":\"Organization\",\"@id\":\"https:\/\/kliimapluss.ee\/#organization\",\"name\":\"Romadini O\u00dc\",\"alternateName\":\"Soojuspumpade e-pood\",\"url\":\"https:\/\/kliimapluss.ee\/\",\"logo\":{\"@type\":\"ImageObject\",\"inLanguage\":\"ru-RU\",\"@id\":\"https:\/\/kliimapluss.ee\/#\/schema\/logo\/image\/\",\"url\":\"https:\/\/kliimapluss.ee\/wp-content\/uploads\/2024\/11\/kliimapluss-600x600-1.jpg\",\"contentUrl\":\"https:\/\/kliimapluss.ee\/wp-content\/uploads\/2024\/11\/kliimapluss-600x600-1.jpg\",\"width\":600,\"height\":600,\"caption\":\"Romadini O\u00dc\"},\"image\":{\"@id\":\"https:\/\/kliimapluss.ee\/#\/schema\/logo\/image\/\"},\"sameAs\":[\"https:\/\/www.facebook.com\/kliimapluss\"]}]}<\/script>\n<!-- \/ Yoast SEO plugin. -->","yoast_head_json":{"title":"\u0423\u0441\u043b\u043e\u0432\u0438\u044f \u043f\u0440\u0438\u0432\u0430\u0442\u043d\u043e\u0441\u0442\u0438 - Soojuspumbad Kliimaplussist","robots":{"index":"index","follow":"follow","max-snippet":"max-snippet:-1","max-image-preview":"max-image-preview:large","max-video-preview":"max-video-preview:-1"},"canonical":"https:\/\/kliimapluss.ee\/ru\/privaatsuspoliitika\/","og_locale":"ru_RU","og_type":"article","og_title":"\u0423\u0441\u043b\u043e\u0432\u0438\u044f \u043f\u0440\u0438\u0432\u0430\u0442\u043d\u043e\u0441\u0442\u0438 - Soojuspumbad Kliimaplussist","og_description":"\u0423\u0441\u043b\u043e\u0432\u0438\u044f \u043f\u0440\u0438\u0432\u0430\u0442\u043d\u043e\u0441\u0442\u0438 \u0434\u0430\u043d\u043d\u044b\u0445 \/ Privaatsustingimused K\u00e4esolevad isikuandmete t\u00f6\u00f6tlemise tingimused (edaspidi \u201eTingimused\u201c) s\u00e4testavad Romadini O\u00dc(registrikood 16029299, aadress Harju maakond, Tallinn, Mustam\u00e4e tee 24, 10621 veebileht\u00a0www.kliimaabc.ee ; edaspidi \u201emeie\u201c) kui andmesubjekti (\u201eteie\u201c) isikuandmete vastutava t\u00f6\u00f6tleja isikuandmete t\u00f6\u00f6tlemise p\u00f5him\u00f5tted.Kui tegutseme volitatud t\u00f6\u00f6tlejana, tegutseme vastavalt enda ja vastutavate t\u00f6\u00f6tlejate vahel s\u00f5lmitud andmet\u00f6\u00f6tluslepingutele ja samuti vastavalt kohalduvatele \u00f5igusaktidele. Lisaks sellele, [&hellip;]","og_url":"https:\/\/kliimapluss.ee\/ru\/privaatsuspoliitika\/","og_site_name":"Soojuspumbad Kliimaplussist","article_publisher":"https:\/\/www.facebook.com\/kliimapluss","article_modified_time":"2023-04-23T10:33:16+00:00","og_image":[{"width":600,"height":600,"url":"https:\/\/kliimapluss.ee\/wp-content\/uploads\/2024\/11\/kliimapluss-600x600-1.jpg","type":"image\/jpeg"}],"twitter_card":"summary_large_image","twitter_misc":{"\u041f\u0440\u0438\u043c\u0435\u0440\u043d\u043e\u0435 \u0432\u0440\u0435\u043c\u044f \u0434\u043b\u044f \u0447\u0442\u0435\u043d\u0438\u044f":"7 \u043c\u0438\u043d\u0443\u0442"},"schema":{"@context":"https:\/\/schema.org","@graph":[{"@type":"WebPage","@id":"https:\/\/kliimapluss.ee\/ru\/privaatsuspoliitika\/","url":"https:\/\/kliimapluss.ee\/ru\/privaatsuspoliitika\/","name":"\u0423\u0441\u043b\u043e\u0432\u0438\u044f \u043f\u0440\u0438\u0432\u0430\u0442\u043d\u043e\u0441\u0442\u0438 - Soojuspumbad Kliimaplussist","isPartOf":{"@id":"https:\/\/kliimapluss.ee\/#website"},"datePublished":"2022-01-09T11:32:14+00:00","dateModified":"2023-04-23T10:33:16+00:00","breadcrumb":{"@id":"https:\/\/kliimapluss.ee\/ru\/privaatsuspoliitika\/#breadcrumb"},"inLanguage":"ru-RU","potentialAction":[{"@type":"ReadAction","target":["https:\/\/kliimapluss.ee\/ru\/privaatsuspoliitika\/"]}]},{"@type":"BreadcrumbList","@id":"https:\/\/kliimapluss.ee\/ru\/privaatsuspoliitika\/#breadcrumb","itemListElement":[{"@type":"ListItem","position":1,"name":"C&amp;H","item":"https:\/\/kliimapluss.ee\/ru\/"},{"@type":"ListItem","position":2,"name":"\u0423\u0441\u043b\u043e\u0432\u0438\u044f \u043f\u0440\u0438\u0432\u0430\u0442\u043d\u043e\u0441\u0442\u0438"}]},{"@type":"WebSite","@id":"https:\/\/kliimapluss.ee\/#website","url":"https:\/\/kliimapluss.ee\/","name":"Soojuspumbad","description":"Soojuspumbad ja konditsioneerid","publisher":{"@id":"https:\/\/kliimapluss.ee\/#organization"},"alternateName":"Soojuspumpade e-pood","potentialAction":[{"@type":"SearchAction","target":{"@type":"EntryPoint","urlTemplate":"https:\/\/kliimapluss.ee\/?s={search_term_string}"},"query-input":{"@type":"PropertyValueSpecification","valueRequired":true,"valueName":"search_term_string"}}],"inLanguage":"ru-RU"},{"@type":"Organization","@id":"https:\/\/kliimapluss.ee\/#organization","name":"Romadini O\u00dc","alternateName":"Soojuspumpade e-pood","url":"https:\/\/kliimapluss.ee\/","logo":{"@type":"ImageObject","inLanguage":"ru-RU","@id":"https:\/\/kliimapluss.ee\/#\/schema\/logo\/image\/","url":"https:\/\/kliimapluss.ee\/wp-content\/uploads\/2024\/11\/kliimapluss-600x600-1.jpg","contentUrl":"https:\/\/kliimapluss.ee\/wp-content\/uploads\/2024\/11\/kliimapluss-600x600-1.jpg","width":600,"height":600,"caption":"Romadini O\u00dc"},"image":{"@id":"https:\/\/kliimapluss.ee\/#\/schema\/logo\/image\/"},"sameAs":["https:\/\/www.facebook.com\/kliimapluss"]}]}},"_links":{"self":[{"href":"https:\/\/kliimapluss.ee\/ru\/wp-json\/wp\/v2\/pages\/1817","targetHints":{"allow":["GET"]}}],"collection":[{"href":"https:\/\/kliimapluss.ee\/ru\/wp-json\/wp\/v2\/pages"}],"about":[{"href":"https:\/\/kliimapluss.ee\/ru\/wp-json\/wp\/v2\/types\/page"}],"author":[{"embeddable":true,"href":"https:\/\/kliimapluss.ee\/ru\/wp-json\/wp\/v2\/users\/3"}],"replies":[{"embeddable":true,"href":"https:\/\/kliimapluss.ee\/ru\/wp-json\/wp\/v2\/comments?post=1817"}],"version-history":[{"count":21,"href":"https:\/\/kliimapluss.ee\/ru\/wp-json\/wp\/v2\/pages\/1817\/revisions"}],"predecessor-version":[{"id":5408,"href":"https:\/\/kliimapluss.ee\/ru\/wp-json\/wp\/v2\/pages\/1817\/revisions\/5408"}],"wp:attachment":[{"href":"https:\/\/kliimapluss.ee\/ru\/wp-json\/wp\/v2\/media?parent=1817"}],"curies":[{"name":"wp","href":"https:\/\/api.w.org\/{rel}","templated":true}]}}